{"id":10857,"date":"2023-10-12T00:27:29","date_gmt":"2023-10-12T00:27:29","guid":{"rendered":"https:\/\/aam.co.uk\/oxygen\/?post_type=product&#038;p=10857"},"modified":"2025-03-13T16:56:07","modified_gmt":"2025-03-13T16:56:07","slug":"mozart-piano-concertos-series-buy","status":"publish","type":"product","link":"https:\/\/aam.co.uk\/new\/product\/mozart-piano-concertos-series-buy\/","title":{"rendered":"Mozart: Piano Concertos (Series Buy)"},"content":{"rendered":"<div class=\"page\" title=\"Page 1\">\n<div class=\"layoutArea\">\n<div class=\"column\">\n<p>This series buy includes:<\/p>\n<p><b><a href=\"https:\/\/aam.co.uk\/product\/mozart-piano-concertos-nos-21-24\/\">Vol. 9<\/a> | March 2023<\/b> |\u00a0Piano Concertos Nos. 21 &amp; 24<\/p>\n<p><b><a href=\"https:\/\/aam.co.uk\/product\/mozart-piano-concertos-no-5-church-sonata-no-17\/\">Vol. 10<\/a> | June 2023<\/b> | Piano Concerto No. 5, Church Sonata No. 17, Concerto movement in G major from Nannerl's Music Book (reconstr. R. Levin), and Piano Concertos K107<\/p>\n<p><b><a href=\"https:\/\/aam.co.uk\/aam-pressroom\/mozart-piano-concertos-nos-7-10\/\">Vol. 11<\/a> | October 2023<\/b> | Piano Concerto No. 7 (for 2 pianos), Piano Concerto No. 10, and Concerto for Violin, Piano and Orchestra K315f<\/p>\n<p><b><a href=\"https:\/\/aam.co.uk\/product\/mozart-piano-concertos-nos-6-8\/\">Vol. 12<\/a> | February 2024<\/b> | Piano Concertos No. 6, Piano Concerto No. 7 (for 3 pianos), and Piano Concerto No. 8<\/p>\n<p><b><a href=\"https:\/\/aam.co.uk\/product\/mozart-piano-concertos-nos-25-27\/\">Vol. 13<\/a> | June 2024<\/b> | Piano Concertos Nos. 25 &amp; 27, and Ch'io mi scordi di te? K505<\/p>\n<hr \/>\n<p>Academy of Ancient Music\u2019s founder Christopher Hogwood and the scholar-pianist Robert Levin came together in 1993 to record Mozart\u2019s complete works for keyboard and orchestra for the first time ever on period instruments. Levin\u2019s interpretation restored improvisation to its rightful place at the heart of each composition. All concertos were recorded with improvised cadenzas, and decorative ornamentation was applied throughout, recreating the approach Mozart would have taken.<\/p>\n<p>Over the course of seven years, Levin and AAM produced eight albums in this style, featuring 17 of Mozart\u2019s concertos, a body of work hailed by the Cambridge Encyclopaedia of Historical Performance as \u2018the historical performance movement at its absolute zenith\u2019.<\/p>\n<p>Now more than 20 years since the last release, AAM and Robert Levin are finally completing the cycle with new recordings released in 2023 and 2024. Five albums remain, featuring not only the numbered concertos, but also lesser-known works for keyboard and orchestra, as well as a new discovery and completed fragments.<\/p>\n<p>Combined with the original releases, this will become the first-ever recording of Mozart\u2019s complete works for keyboard and orchestra on either modern or historical instruments.<\/p>\n<p>This series buy includes all five of the new recordings, delivered as soon as each is available. Order today to lock in a price of \u00a320 per album with free shipping (UK delivery only).<\/p>\n<p><em>International shipping for this order starts at \u00a332. The exact price will be calculated at checkout.<\/em><\/p>\n<p>&nbsp;<\/p>\n<\/div>\n<\/div>\n<\/div>\n","protected":false},"excerpt":{"rendered":"<div class=\"page\" title=\"Page 1\">\n<div class=\"layoutArea\">\n<div class=\"column\">\n<p><strong>Academy of Ancient Music<\/strong><br \/>\n<strong>Robert Levin<\/strong><\/p>\n<p><strong>Ya-Fei Chuang<\/strong><br \/>\n<strong>Laurence Cummings<\/strong><br \/>\n<strong>Bojan \u010ci\u010di\u0107<\/strong><\/p>\n<p><span lang=\"EN-US\"><strong>Richard Egarr | Bojan \u010ci\u010di\u0107 | Laurence Cummings<\/strong> <em>directors<\/em><\/span><\/p>\n<p>5 CDs in individual hardback booklets.<\/p>\n<p><strong>Free shipping on UK deliveries. <\/strong>See below for international delivery costs.<\/p>\n<\/div>\n<\/div>\n<\/div>\n","protected":false},"featured_media":10877,"template":"","meta":{"_acf_changed":false},"product_brand":[],"product_cat":[32],"product_tag":[],"class_list":{"0":"post-10857","1":"product","2":"type-product","3":"status-publish","4":"has-post-thumbnail","6":"product_cat-cd","7":"product_shipping_class-series-purchase","9":"first","10":"instock","11":"taxable","12":"shipping-taxable","13":"purchasable","14":"product-type-simple"},"acf":[],"yoast_head":"<!-- This site is optimized with the Yoast SEO plugin v27.6 - https:\/\/yoast.com\/product\/yoast-seo-wordpress\/ -->\n<title>Mozart: Piano Concertos (Series Buy) &#8211; AAM<\/title>\n<meta name=\"robots\" content=\"index, follow, max-snippet:-1, max-image-preview:large, max-video-preview:-1\" \/>\n<link rel=\"canonical\" href=\"https:\/\/aam.co.uk\/new\/product\/mozart-piano-concertos-series-buy\/\" \/>\n<meta property=\"og:locale\" content=\"en_GB\" \/>\n<meta property=\"og:type\" content=\"article\" \/>\n<meta property=\"og:title\" content=\"Mozart: Piano Concertos (Series Buy) &#8211; AAM\" \/>\n<meta property=\"og:description\" content=\"Academy of Ancient Music Robert Levin  Ya-Fei Chuang Laurence Cummings Bojan \u010ci\u010di\u0107  Richard Egarr | Bojan \u010ci\u010di\u0107 | Laurence Cummings directors  5 CDs in individual hardback booklets.  Free shipping on UK deliveries. See below for international delivery costs.\" \/>\n<meta property=\"og:url\" content=\"https:\/\/aam.co.uk\/new\/product\/mozart-piano-concertos-series-buy\/\" \/>\n<meta property=\"og:site_name\" content=\"AAM\" \/>\n<meta property=\"article:publisher\" content=\"https:\/\/www.facebook.com\/academyofancientmusic\/\" \/>\n<meta property=\"article:modified_time\" content=\"2025-03-13T16:56:07+00:00\" \/>\n<meta property=\"og:image\" content=\"https:\/\/aam.co.uk\/new\/wp-content\/uploads\/2023\/10\/All-Covers-Sq-min.jpg\" \/>\n\t<meta property=\"og:image:width\" content=\"800\" \/>\n\t<meta property=\"og:image:height\" content=\"800\" \/>\n\t<meta property=\"og:image:type\" content=\"image\/jpeg\" \/>\n<meta name=\"twitter:card\" content=\"summary_large_image\" \/>\n<meta name=\"twitter:site\" content=\"@AAMorchestra\" \/>\n<meta name=\"twitter:label1\" content=\"Estimated reading time\" \/>\n\t<meta name=\"twitter:data1\" content=\"2 minutes\" \/>\n<script type=\"application\/ld+json\" class=\"yoast-schema-graph\">{\"@context\":\"https:\\\/\\\/schema.org\",\"@graph\":[{\"@type\":\"WebPage\",\"@id\":\"https:\\\/\\\/aam.co.uk\\\/new\\\/product\\\/mozart-piano-concertos-series-buy\\\/\",\"url\":\"https:\\\/\\\/aam.co.uk\\\/new\\\/product\\\/mozart-piano-concertos-series-buy\\\/\",\"name\":\"Mozart: Piano Concertos (Series Buy) &#8211; AAM\",\"isPartOf\":{\"@id\":\"https:\\\/\\\/aam.co.uk\\\/new\\\/#website\"},\"primaryImageOfPage\":{\"@id\":\"https:\\\/\\\/aam.co.uk\\\/new\\\/product\\\/mozart-piano-concertos-series-buy\\\/#primaryimage\"},\"image\":{\"@id\":\"https:\\\/\\\/aam.co.uk\\\/new\\\/product\\\/mozart-piano-concertos-series-buy\\\/#primaryimage\"},\"thumbnailUrl\":\"https:\\\/\\\/aam.co.uk\\\/new\\\/wp-content\\\/uploads\\\/2023\\\/10\\\/All-Covers-Sq-min.jpg\",\"datePublished\":\"2023-10-12T00:27:29+00:00\",\"dateModified\":\"2025-03-13T16:56:07+00:00\",\"breadcrumb\":{\"@id\":\"https:\\\/\\\/aam.co.uk\\\/new\\\/product\\\/mozart-piano-concertos-series-buy\\\/#breadcrumb\"},\"inLanguage\":\"en-GB\",\"potentialAction\":[{\"@type\":\"ReadAction\",\"target\":[\"https:\\\/\\\/aam.co.uk\\\/new\\\/product\\\/mozart-piano-concertos-series-buy\\\/\"]}]},{\"@type\":\"ImageObject\",\"inLanguage\":\"en-GB\",\"@id\":\"https:\\\/\\\/aam.co.uk\\\/new\\\/product\\\/mozart-piano-concertos-series-buy\\\/#primaryimage\",\"url\":\"https:\\\/\\\/aam.co.uk\\\/new\\\/wp-content\\\/uploads\\\/2023\\\/10\\\/All-Covers-Sq-min.jpg\",\"contentUrl\":\"https:\\\/\\\/aam.co.uk\\\/new\\\/wp-content\\\/uploads\\\/2023\\\/10\\\/All-Covers-Sq-min.jpg\",\"width\":800,\"height\":800},{\"@type\":\"BreadcrumbList\",\"@id\":\"https:\\\/\\\/aam.co.uk\\\/new\\\/product\\\/mozart-piano-concertos-series-buy\\\/#breadcrumb\",\"itemListElement\":[{\"@type\":\"ListItem\",\"position\":1,\"name\":\"Home\",\"item\":\"https:\\\/\\\/aam.co.uk\\\/new\\\/\"},{\"@type\":\"ListItem\",\"position\":2,\"name\":\"Products\",\"item\":\"https:\\\/\\\/aam.co.uk\\\/new\\\/shop\\\/\"},{\"@type\":\"ListItem\",\"position\":3,\"name\":\"Mozart: Piano Concertos (Series Buy)\"}]},{\"@type\":\"WebSite\",\"@id\":\"https:\\\/\\\/aam.co.uk\\\/new\\\/#website\",\"url\":\"https:\\\/\\\/aam.co.uk\\\/new\\\/\",\"name\":\"AAM\",\"description\":\"\",\"publisher\":{\"@id\":\"https:\\\/\\\/aam.co.uk\\\/new\\\/#organization\"},\"potentialAction\":[{\"@type\":\"SearchAction\",\"target\":{\"@type\":\"EntryPoint\",\"urlTemplate\":\"https:\\\/\\\/aam.co.uk\\\/new\\\/?s={search_term_string}\"},\"query-input\":{\"@type\":\"PropertyValueSpecification\",\"valueRequired\":true,\"valueName\":\"search_term_string\"}}],\"inLanguage\":\"en-GB\"},{\"@type\":\"Organization\",\"@id\":\"https:\\\/\\\/aam.co.uk\\\/new\\\/#organization\",\"name\":\"Academy of Ancient Music\",\"alternateName\":\"AAM\",\"url\":\"https:\\\/\\\/aam.co.uk\\\/new\\\/\",\"logo\":{\"@type\":\"ImageObject\",\"inLanguage\":\"en-GB\",\"@id\":\"https:\\\/\\\/aam.co.uk\\\/new\\\/#\\\/schema\\\/logo\\\/image\\\/\",\"url\":\"https:\\\/\\\/aam.co.uk\\\/wp-content\\\/uploads\\\/2023\\\/07\\\/AAM_stacked_Large-1-min.png\",\"contentUrl\":\"https:\\\/\\\/aam.co.uk\\\/wp-content\\\/uploads\\\/2023\\\/07\\\/AAM_stacked_Large-1-min.png\",\"width\":750,\"height\":200,\"caption\":\"Academy of Ancient Music\"},\"image\":{\"@id\":\"https:\\\/\\\/aam.co.uk\\\/new\\\/#\\\/schema\\\/logo\\\/image\\\/\"},\"sameAs\":[\"https:\\\/\\\/www.facebook.com\\\/academyofancientmusic\\\/\",\"https:\\\/\\\/x.com\\\/AAMorchestra\",\"https:\\\/\\\/www.youtube.com\\\/channel\\\/UCcsCXfOObWhMyhiiMBhlvIg\"]}]}<\/script>\n<!-- \/ Yoast SEO plugin. -->","yoast_head_json":{"title":"Mozart: Piano Concertos (Series Buy) &#8211; AAM","robots":{"index":"index","follow":"follow","max-snippet":"max-snippet:-1","max-image-preview":"max-image-preview:large","max-video-preview":"max-video-preview:-1"},"canonical":"https:\/\/aam.co.uk\/new\/product\/mozart-piano-concertos-series-buy\/","og_locale":"en_GB","og_type":"article","og_title":"Mozart: Piano Concertos (Series Buy) &#8211; AAM","og_description":"Academy of Ancient Music Robert Levin  Ya-Fei Chuang Laurence Cummings Bojan \u010ci\u010di\u0107  Richard Egarr | Bojan \u010ci\u010di\u0107 | Laurence Cummings directors  5 CDs in individual hardback booklets.  Free shipping on UK deliveries. See below for international delivery costs.","og_url":"https:\/\/aam.co.uk\/new\/product\/mozart-piano-concertos-series-buy\/","og_site_name":"AAM","article_publisher":"https:\/\/www.facebook.com\/academyofancientmusic\/","article_modified_time":"2025-03-13T16:56:07+00:00","og_image":[{"width":800,"height":800,"url":"https:\/\/aam.co.uk\/new\/wp-content\/uploads\/2023\/10\/All-Covers-Sq-min.jpg","type":"image\/jpeg"}],"twitter_card":"summary_large_image","twitter_site":"@AAMorchestra","twitter_misc":{"Estimated reading time":"2 minutes"},"schema":{"@context":"https:\/\/schema.org","@graph":[{"@type":"WebPage","@id":"https:\/\/aam.co.uk\/new\/product\/mozart-piano-concertos-series-buy\/","url":"https:\/\/aam.co.uk\/new\/product\/mozart-piano-concertos-series-buy\/","name":"Mozart: Piano Concertos (Series Buy) &#8211; AAM","isPartOf":{"@id":"https:\/\/aam.co.uk\/new\/#website"},"primaryImageOfPage":{"@id":"https:\/\/aam.co.uk\/new\/product\/mozart-piano-concertos-series-buy\/#primaryimage"},"image":{"@id":"https:\/\/aam.co.uk\/new\/product\/mozart-piano-concertos-series-buy\/#primaryimage"},"thumbnailUrl":"https:\/\/aam.co.uk\/new\/wp-content\/uploads\/2023\/10\/All-Covers-Sq-min.jpg","datePublished":"2023-10-12T00:27:29+00:00","dateModified":"2025-03-13T16:56:07+00:00","breadcrumb":{"@id":"https:\/\/aam.co.uk\/new\/product\/mozart-piano-concertos-series-buy\/#breadcrumb"},"inLanguage":"en-GB","potentialAction":[{"@type":"ReadAction","target":["https:\/\/aam.co.uk\/new\/product\/mozart-piano-concertos-series-buy\/"]}]},{"@type":"ImageObject","inLanguage":"en-GB","@id":"https:\/\/aam.co.uk\/new\/product\/mozart-piano-concertos-series-buy\/#primaryimage","url":"https:\/\/aam.co.uk\/new\/wp-content\/uploads\/2023\/10\/All-Covers-Sq-min.jpg","contentUrl":"https:\/\/aam.co.uk\/new\/wp-content\/uploads\/2023\/10\/All-Covers-Sq-min.jpg","width":800,"height":800},{"@type":"BreadcrumbList","@id":"https:\/\/aam.co.uk\/new\/product\/mozart-piano-concertos-series-buy\/#breadcrumb","itemListElement":[{"@type":"ListItem","position":1,"name":"Home","item":"https:\/\/aam.co.uk\/new\/"},{"@type":"ListItem","position":2,"name":"Products","item":"https:\/\/aam.co.uk\/new\/shop\/"},{"@type":"ListItem","position":3,"name":"Mozart: Piano Concertos (Series Buy)"}]},{"@type":"WebSite","@id":"https:\/\/aam.co.uk\/new\/#website","url":"https:\/\/aam.co.uk\/new\/","name":"AAM","description":"","publisher":{"@id":"https:\/\/aam.co.uk\/new\/#organization"},"potentialAction":[{"@type":"SearchAction","target":{"@type":"EntryPoint","urlTemplate":"https:\/\/aam.co.uk\/new\/?s={search_term_string}"},"query-input":{"@type":"PropertyValueSpecification","valueRequired":true,"valueName":"search_term_string"}}],"inLanguage":"en-GB"},{"@type":"Organization","@id":"https:\/\/aam.co.uk\/new\/#organization","name":"Academy of Ancient Music","alternateName":"AAM","url":"https:\/\/aam.co.uk\/new\/","logo":{"@type":"ImageObject","inLanguage":"en-GB","@id":"https:\/\/aam.co.uk\/new\/#\/schema\/logo\/image\/","url":"https:\/\/aam.co.uk\/wp-content\/uploads\/2023\/07\/AAM_stacked_Large-1-min.png","contentUrl":"https:\/\/aam.co.uk\/wp-content\/uploads\/2023\/07\/AAM_stacked_Large-1-min.png","width":750,"height":200,"caption":"Academy of Ancient Music"},"image":{"@id":"https:\/\/aam.co.uk\/new\/#\/schema\/logo\/image\/"},"sameAs":["https:\/\/www.facebook.com\/academyofancientmusic\/","https:\/\/x.com\/AAMorchestra","https:\/\/www.youtube.com\/channel\/UCcsCXfOObWhMyhiiMBhlvIg"]}]}},"_links":{"self":[{"href":"https:\/\/aam.co.uk\/new\/wp-json\/wp\/v2\/product\/10857","targetHints":{"allow":["GET"]}}],"collection":[{"href":"https:\/\/aam.co.uk\/new\/wp-json\/wp\/v2\/product"}],"about":[{"href":"https:\/\/aam.co.uk\/new\/wp-json\/wp\/v2\/types\/product"}],"wp:featuredmedia":[{"embeddable":true,"href":"https:\/\/aam.co.uk\/new\/wp-json\/wp\/v2\/media\/10877"}],"wp:attachment":[{"href":"https:\/\/aam.co.uk\/new\/wp-json\/wp\/v2\/media?parent=10857"}],"wp:term":[{"taxonomy":"product_brand","embeddable":true,"href":"https:\/\/aam.co.uk\/new\/wp-json\/wp\/v2\/product_brand?post=10857"},{"taxonomy":"product_cat","embeddable":true,"href":"https:\/\/aam.co.uk\/new\/wp-json\/wp\/v2\/product_cat?post=10857"},{"taxonomy":"product_tag","embeddable":true,"href":"https:\/\/aam.co.uk\/new\/wp-json\/wp\/v2\/product_tag?post=10857"}],"curies":[{"name":"wp","href":"https:\/\/api.w.org\/{rel}","templated":true}]}}